{"id":5217,"date":"2022-07-18T17:11:48","date_gmt":"2022-07-18T15:11:48","guid":{"rendered":"https:\/\/hydrobag.nl\/?page_id=47"},"modified":"2025-07-23T07:42:31","modified_gmt":"2025-07-23T07:42:31","slug":"referenzen","status":"publish","type":"page","link":"https:\/\/hydrobagenergy-systems.de\/?page_id=5217","title":{"rendered":"Referenzen"},"content":{"rendered":"\t\t<div data-elementor-type=\"wp-page\" data-elementor-id=\"5217\" class=\"elementor elementor-5217\" data-elementor-post-type=\"page\">\n\t\t\t\t<div class=\"elementor-element elementor-element-40463f1 e-flex e-con-boxed e-con e-parent\" data-id=\"40463f1\" data-element_type=\"container\" data-e-type=\"container\" data-settings=\"{&quot;background_background&quot;:&quot;gradient&quot;,&quot;background_motion_fx_translateY_speed&quot;:{&quot;unit&quot;:&quot;px&quot;,&quot;size&quot;:0,&quot;sizes&quot;:[]},&quot;background_motion_fx_translateY_effect&quot;:&quot;yes&quot;,&quot;background_motion_fx_translateY_affectedRange&quot;:{&quot;unit&quot;:&quot;%&quot;,&quot;size&quot;:&quot;&quot;,&quot;sizes&quot;:{&quot;start&quot;:0,&quot;end&quot;:100}},&quot;background_motion_fx_devices&quot;:[&quot;desktop&quot;,&quot;tablet&quot;,&quot;mobile&quot;]}\">\n\t\t\t\t\t<div class=\"e-con-inner\">\n\t\t\t\t<div class=\"elementor-element elementor-element-6313f65 elementor-widget elementor-widget-heading\" data-id=\"6313f65\" data-element_type=\"widget\" data-e-type=\"widget\" data-widget_type=\"heading.default\">\n\t\t\t\t<div class=\"elementor-widget-container\">\n\t\t\t\t\t<h2 class=\"elementor-heading-title elementor-size-default\"><b>Referenzen von Hydrobag<\/b><\/h2>\t\t\t\t<\/div>\n\t\t\t\t<\/div>\n\t\t\t\t<div class=\"elementor-element elementor-element-866dc62 elementor-widget elementor-widget-text-editor\" data-id=\"866dc62\" data-element_type=\"widget\" data-e-type=\"widget\" data-widget_type=\"text-editor.default\">\n\t\t\t\t<div class=\"elementor-widget-container\">\n\t\t\t\t\t\t\t\t\t<p>Werfen Sie einen Blick auf unsere Projekte und sehen Sie selbst, was mit der richtigen W\u00e4rmepumpe m\u00f6glich ist. Ob Einfamilienhaus oder Gewerbebetrieb \u2013 wir liefern smarte, nachhaltige Energiel\u00f6sungen, die wirklich funktionieren. Von der ersten Beratung bis zur fertigen Installation: Unsere Kundinnen und Kunden profitieren von Effizienz, Komfort und echter Unabh\u00e4ngigkeit. Lassen Sie sich inspirieren und finden Sie heraus, wie auch Ihr Zuhause oder Unternehmen mit einer W\u00e4rmepumpe von uns auf das n\u00e4chste Level kommt.<\/p>\t\t\t\t\t\t\t\t<\/div>\n\t\t\t\t<\/div>\n\t\t\t\t\t<\/div>\n\t\t\t\t<\/div>\n\t\t<div class=\"elementor-element elementor-element-e96bfe3 e-flex e-con-boxed e-con e-parent\" data-id=\"e96bfe3\" data-element_type=\"container\" data-e-type=\"container\">\n\t\t\t\t\t<div class=\"e-con-inner\">\n\t\t\t\t<div class=\"elementor-element elementor-element-c85d814 elementor-widget elementor-widget-heading\" data-id=\"c85d814\" data-element_type=\"widget\" data-e-type=\"widget\" data-widget_type=\"heading.default\">\n\t\t\t\t<div class=\"elementor-widget-container\">\n\t\t\t\t\t<h2 class=\"elementor-heading-title elementor-size-default\"><strong data-start=\"442\" data-end=\"486\">Unsere bisherigen Projekte im \u00dcberblick:<\/strong><\/h2>\t\t\t\t<\/div>\n\t\t\t\t<\/div>\n\t\t\t\t<div class=\"elementor-element elementor-element-181a5fe elementor-widget elementor-widget-text-editor\" data-id=\"181a5fe\" data-element_type=\"widget\" data-e-type=\"widget\" data-widget_type=\"text-editor.default\">\n\t\t\t\t<div class=\"elementor-widget-container\">\n\t\t\t\t\t\t\t\t\t<p>Hier sehen Sie eine Auswahl an erfolgreich umgesetzten Hydrobag-Installationen bei unseren Kunden. Jede Anlage wurde individuell auf die Bed\u00fcrfnisse vor Ort abgestimmt.<\/p>\t\t\t\t\t\t\t\t<\/div>\n\t\t\t\t<\/div>\n\t\t\t\t\t<\/div>\n\t\t\t\t<\/div>\n\t\t<div class=\"elementor-element elementor-element-ef5d218 e-grid e-con-boxed e-con e-parent\" data-id=\"ef5d218\" data-element_type=\"container\" data-e-type=\"container\">\n\t\t\t\t\t<div class=\"e-con-inner\">\n\t\t\t\t<div class=\"elementor-element elementor-element-358330f elementor-widget elementor-widget-image\" data-id=\"358330f\" data-element_type=\"widget\" data-e-type=\"widget\" data-widget_type=\"image.default\">\n\t\t\t\t<div class=\"elementor-widget-container\">\n\t\t\t\t\t\t\t\t\t\t\t\t<figure class=\"wp-caption\">\n\t\t\t\t\t\t\t\t\t\t<img fetchpriority=\"high\" decoding=\"async\" width=\"800\" height=\"1000\" src=\"https:\/\/hydrobagenergy-systems.de\/wp-content\/uploads\/2025\/06\/Design-ohne-Titel-5-819x1024.png\" class=\"attachment-large size-large wp-image-7678\" alt=\"\" srcset=\"https:\/\/hydrobagenergy-systems.de\/wp-content\/uploads\/2025\/06\/Design-ohne-Titel-5-819x1024.png 819w, https:\/\/hydrobagenergy-systems.de\/wp-content\/uploads\/2025\/06\/Design-ohne-Titel-5-240x300.png 240w, https:\/\/hydrobagenergy-systems.de\/wp-content\/uploads\/2025\/06\/Design-ohne-Titel-5-768x960.png 768w, https:\/\/hydrobagenergy-systems.de\/wp-content\/uploads\/2025\/06\/Design-ohne-Titel-5-600x750.png 600w, https:\/\/hydrobagenergy-systems.de\/wp-content\/uploads\/2025\/06\/elementor\/thumbs\/Design-ohne-Titel-5-r6rebfa69e0m8iky543a0j0thm2hc92a3ijzsaco40.png 800w, https:\/\/hydrobagenergy-systems.de\/wp-content\/uploads\/2025\/06\/Design-ohne-Titel-5.png 1080w\" sizes=\"(max-width: 800px) 100vw, 800px\" \/>\t\t\t\t\t\t\t\t\t\t\t<figcaption class=\"widget-image-caption wp-caption-text\">Panasonic WH-WDG09LE5 vor einem Fachwerkhaus<\/figcaption>\n\t\t\t\t\t\t\t\t\t\t<\/figure>\n\t\t\t\t\t\t\t\t\t<\/div>\n\t\t\t\t<\/div>\n\t\t\t\t<div class=\"elementor-element elementor-element-8c32dd0 elementor-widget elementor-widget-image\" data-id=\"8c32dd0\" data-element_type=\"widget\" data-e-type=\"widget\" data-widget_type=\"image.default\">\n\t\t\t\t<div class=\"elementor-widget-container\">\n\t\t\t\t\t\t\t\t\t\t\t\t<figure class=\"wp-caption\">\n\t\t\t\t\t\t\t\t\t\t<img decoding=\"async\" width=\"800\" height=\"1000\" src=\"https:\/\/hydrobagenergy-systems.de\/wp-content\/uploads\/2025\/06\/Design-ohne-Titel-6-819x1024.png\" class=\"attachment-large size-large wp-image-7679\" alt=\"Panasonic Inneneinheit der W\u00e4rmepumpe mit Pufferspeicher in Sottrum\" srcset=\"https:\/\/hydrobagenergy-systems.de\/wp-content\/uploads\/2025\/06\/Design-ohne-Titel-6-819x1024.png 819w, https:\/\/hydrobagenergy-systems.de\/wp-content\/uploads\/2025\/06\/Design-ohne-Titel-6-240x300.png 240w, https:\/\/hydrobagenergy-systems.de\/wp-content\/uploads\/2025\/06\/Design-ohne-Titel-6-768x960.png 768w, https:\/\/hydrobagenergy-systems.de\/wp-content\/uploads\/2025\/06\/Design-ohne-Titel-6-600x750.png 600w, https:\/\/hydrobagenergy-systems.de\/wp-content\/uploads\/2025\/06\/Design-ohne-Titel-6.png 1080w\" sizes=\"(max-width: 800px) 100vw, 800px\" \/>\t\t\t\t\t\t\t\t\t\t\t<figcaption class=\"widget-image-caption wp-caption-text\">Panasonic Inneneinheit der W\u00e4rmepumpe mit Pufferspeicher in Sottrum<\/figcaption>\n\t\t\t\t\t\t\t\t\t\t<\/figure>\n\t\t\t\t\t\t\t\t\t<\/div>\n\t\t\t\t<\/div>\n\t\t\t\t<div class=\"elementor-element elementor-element-5f6269d elementor-widget elementor-widget-image\" data-id=\"5f6269d\" data-element_type=\"widget\" data-e-type=\"widget\" data-widget_type=\"image.default\">\n\t\t\t\t<div class=\"elementor-widget-container\">\n\t\t\t\t\t\t\t\t\t\t\t\t<figure class=\"wp-caption\">\n\t\t\t\t\t\t\t\t\t\t<img decoding=\"async\" width=\"800\" height=\"1000\" src=\"https:\/\/hydrobagenergy-systems.de\/wp-content\/uploads\/2025\/06\/Design-ohne-Titel-7-819x1024.png\" class=\"attachment-large size-large wp-image-7680\" alt=\"Panasonic Inneneinheit der W\u00e4rmepumpe mit Pufferspeicher in Bremerhaven\" srcset=\"https:\/\/hydrobagenergy-systems.de\/wp-content\/uploads\/2025\/06\/Design-ohne-Titel-7-819x1024.png 819w, https:\/\/hydrobagenergy-systems.de\/wp-content\/uploads\/2025\/06\/Design-ohne-Titel-7-240x300.png 240w, https:\/\/hydrobagenergy-systems.de\/wp-content\/uploads\/2025\/06\/Design-ohne-Titel-7-768x960.png 768w, https:\/\/hydrobagenergy-systems.de\/wp-content\/uploads\/2025\/06\/Design-ohne-Titel-7-600x750.png 600w, https:\/\/hydrobagenergy-systems.de\/wp-content\/uploads\/2025\/06\/Design-ohne-Titel-7.png 1080w\" sizes=\"(max-width: 800px) 100vw, 800px\" \/>\t\t\t\t\t\t\t\t\t\t\t<figcaption class=\"widget-image-caption wp-caption-text\">Panasonic Inneneinheit der W\u00e4rmepumpe mit Pufferspeicher in Bremerhaven<\/figcaption>\n\t\t\t\t\t\t\t\t\t\t<\/figure>\n\t\t\t\t\t\t\t\t\t<\/div>\n\t\t\t\t<\/div>\n\t\t\t\t\t<\/div>\n\t\t\t\t<\/div>\n\t\t\t\t<\/div>\n\t\t","protected":false},"excerpt":{"rendered":"<p>Referenzen von Hydrobag Werfen Sie einen Blick auf unsere Projekte und sehen Sie selbst, was mit der richtigen W\u00e4rmepumpe m\u00f6glich ist. Ob Einfamilienhaus oder Gewerbebetrieb \u2013 wir liefern smarte, nachhaltige Energiel\u00f6sungen, die wirklich funktionieren. Von der ersten Beratung bis zur fertigen Installation: Unsere Kundinnen und Kunden profitieren von Effizienz, Komfort und echter Unabh\u00e4ngigkeit. Lassen Sie [&hellip;]<\/p>\n","protected":false},"author":1,"featured_media":0,"parent":0,"menu_order":0,"comment_status":"closed","ping_status":"closed","template":"elementor_header_footer","meta":{"footnotes":""},"class_list":["post-5217","page","type-page","status-publish","hentry"],"yoast_head":"<!-- This site is optimized with the Yoast SEO plugin v27.4 - https:\/\/yoast.com\/product\/yoast-seo-wordpress\/ -->\n<title>Referenzen - Hydrobag Energy Systems<\/title>\n<meta name=\"description\" content=\"Erhalten Sie einen Einblick in unsere Projekte: Referenzen von Hydrobag Energy Systems \u2013 Ihr SHK-Meisterbetrieb aus Weyhe bei Bremen f\u00fcr W\u00e4rmepumpen und nachhaltige Energiekonzepte.\" \/>\n<meta name=\"robots\" content=\"index, follow, max-snippet:-1, max-image-preview:large, max-video-preview:-1\" \/>\n<link rel=\"canonical\" href=\"https:\/\/hydrobagenergy-systems.de\/?page_id=5217\" \/>\n<meta property=\"og:locale\" content=\"de_DE\" \/>\n<meta property=\"og:type\" content=\"article\" \/>\n<meta property=\"og:title\" content=\"Referenzen - Hydrobag Energy Systems\" \/>\n<meta property=\"og:description\" content=\"Erhalten Sie einen Einblick in unsere Projekte: Referenzen von Hydrobag Energy Systems \u2013 Ihr SHK-Meisterbetrieb aus Weyhe bei Bremen f\u00fcr W\u00e4rmepumpen und nachhaltige Energiekonzepte.\" \/>\n<meta property=\"og:url\" content=\"https:\/\/hydrobagenergy-systems.de\/?page_id=5217\" \/>\n<meta property=\"og:site_name\" content=\"Hydrobag Energy Systems\" \/>\n<meta property=\"article:publisher\" content=\"https:\/\/www.facebook.com\/profile.php?id=61557110230619\" \/>\n<meta property=\"article:modified_time\" content=\"2025-07-23T07:42:31+00:00\" \/>\n<meta property=\"og:image\" content=\"https:\/\/hydrobagenergy-systems.de\/wp-content\/uploads\/2025\/06\/Design-ohne-Titel-5-819x1024.png\" \/>\n\t<meta property=\"og:image:width\" content=\"819\" \/>\n\t<meta property=\"og:image:height\" content=\"1024\" \/>\n\t<meta property=\"og:image:type\" content=\"image\/png\" \/>\n<meta name=\"twitter:card\" content=\"summary_large_image\" \/>\n<meta name=\"twitter:label1\" content=\"Gesch\u00e4tzte Lesezeit\" \/>\n\t<meta name=\"twitter:data1\" content=\"2\u00a0Minuten\" \/>\n<script type=\"application\/ld+json\" class=\"yoast-schema-graph\">{\"@context\":\"https:\\\/\\\/schema.org\",\"@graph\":[{\"@type\":\"WebPage\",\"@id\":\"https:\\\/\\\/hydrobagenergy-systems.de\\\/?page_id=5217\",\"url\":\"https:\\\/\\\/hydrobagenergy-systems.de\\\/?page_id=5217\",\"name\":\"Referenzen - Hydrobag Energy Systems\",\"isPartOf\":{\"@id\":\"https:\\\/\\\/hydrobagenergysy-36x4h5zd0n.live-website.com\\\/#website\"},\"primaryImageOfPage\":{\"@id\":\"https:\\\/\\\/hydrobagenergy-systems.de\\\/?page_id=5217#primaryimage\"},\"image\":{\"@id\":\"https:\\\/\\\/hydrobagenergy-systems.de\\\/?page_id=5217#primaryimage\"},\"thumbnailUrl\":\"https:\\\/\\\/hydrobagenergy-systems.de\\\/wp-content\\\/uploads\\\/2025\\\/06\\\/Design-ohne-Titel-5-819x1024.png\",\"datePublished\":\"2022-07-18T15:11:48+00:00\",\"dateModified\":\"2025-07-23T07:42:31+00:00\",\"description\":\"Erhalten Sie einen Einblick in unsere Projekte: Referenzen von Hydrobag Energy Systems \u2013 Ihr SHK-Meisterbetrieb aus Weyhe bei Bremen f\u00fcr W\u00e4rmepumpen und nachhaltige Energiekonzepte.\",\"breadcrumb\":{\"@id\":\"https:\\\/\\\/hydrobagenergy-systems.de\\\/?page_id=5217#breadcrumb\"},\"inLanguage\":\"de\",\"potentialAction\":[{\"@type\":\"ReadAction\",\"target\":[\"https:\\\/\\\/hydrobagenergy-systems.de\\\/?page_id=5217\"]}]},{\"@type\":\"ImageObject\",\"inLanguage\":\"de\",\"@id\":\"https:\\\/\\\/hydrobagenergy-systems.de\\\/?page_id=5217#primaryimage\",\"url\":\"https:\\\/\\\/hydrobagenergy-systems.de\\\/wp-content\\\/uploads\\\/2025\\\/06\\\/Design-ohne-Titel-5.png\",\"contentUrl\":\"https:\\\/\\\/hydrobagenergy-systems.de\\\/wp-content\\\/uploads\\\/2025\\\/06\\\/Design-ohne-Titel-5.png\",\"width\":1080,\"height\":1350,\"caption\":\"Panasonic WH-WDG09LE5 vor einem Fachwerkhaus\"},{\"@type\":\"BreadcrumbList\",\"@id\":\"https:\\\/\\\/hydrobagenergy-systems.de\\\/?page_id=5217#breadcrumb\",\"itemListElement\":[{\"@type\":\"ListItem\",\"position\":1,\"name\":\"Home\",\"item\":\"https:\\\/\\\/hydrobagenergy-systems.de\\\/\"},{\"@type\":\"ListItem\",\"position\":2,\"name\":\"Referenzen\"}]},{\"@type\":\"WebSite\",\"@id\":\"https:\\\/\\\/hydrobagenergysy-36x4h5zd0n.live-website.com\\\/#website\",\"url\":\"https:\\\/\\\/hydrobagenergysy-36x4h5zd0n.live-website.com\\\/\",\"name\":\"Hydrobag Energy Systems\",\"description\":\"\",\"publisher\":{\"@id\":\"https:\\\/\\\/hydrobagenergysy-36x4h5zd0n.live-website.com\\\/#organization\"},\"potentialAction\":[{\"@type\":\"SearchAction\",\"target\":{\"@type\":\"EntryPoint\",\"urlTemplate\":\"https:\\\/\\\/hydrobagenergysy-36x4h5zd0n.live-website.com\\\/?s={search_term_string}\"},\"query-input\":{\"@type\":\"PropertyValueSpecification\",\"valueRequired\":true,\"valueName\":\"search_term_string\"}}],\"inLanguage\":\"de\"},{\"@type\":\"Organization\",\"@id\":\"https:\\\/\\\/hydrobagenergysy-36x4h5zd0n.live-website.com\\\/#organization\",\"name\":\"Hydrobag Energy Systems\",\"url\":\"https:\\\/\\\/hydrobagenergysy-36x4h5zd0n.live-website.com\\\/\",\"logo\":{\"@type\":\"ImageObject\",\"inLanguage\":\"de\",\"@id\":\"https:\\\/\\\/hydrobagenergysy-36x4h5zd0n.live-website.com\\\/#\\\/schema\\\/logo\\\/image\\\/\",\"url\":\"https:\\\/\\\/hydrobagenergy-systems.de\\\/wp-content\\\/uploads\\\/2024\\\/04\\\/cropped-Logo-Hydro-Energy_Logo-Bag.png\",\"contentUrl\":\"https:\\\/\\\/hydrobagenergy-systems.de\\\/wp-content\\\/uploads\\\/2024\\\/04\\\/cropped-Logo-Hydro-Energy_Logo-Bag.png\",\"width\":2671,\"height\":758,\"caption\":\"Hydrobag Energy Systems\"},\"image\":{\"@id\":\"https:\\\/\\\/hydrobagenergysy-36x4h5zd0n.live-website.com\\\/#\\\/schema\\\/logo\\\/image\\\/\"},\"sameAs\":[\"https:\\\/\\\/www.facebook.com\\\/profile.php?id=61557110230619\",\"https:\\\/\\\/www.instagram.com\\\/hydrobagenergysystems\"]}]}<\/script>\n<!-- \/ Yoast SEO plugin. -->","yoast_head_json":{"title":"Referenzen - Hydrobag Energy Systems","description":"Erhalten Sie einen Einblick in unsere Projekte: Referenzen von Hydrobag Energy Systems \u2013 Ihr SHK-Meisterbetrieb aus Weyhe bei Bremen f\u00fcr W\u00e4rmepumpen und nachhaltige Energiekonzepte.","robots":{"index":"index","follow":"follow","max-snippet":"max-snippet:-1","max-image-preview":"max-image-preview:large","max-video-preview":"max-video-preview:-1"},"canonical":"https:\/\/hydrobagenergy-systems.de\/?page_id=5217","og_locale":"de_DE","og_type":"article","og_title":"Referenzen - Hydrobag Energy Systems","og_description":"Erhalten Sie einen Einblick in unsere Projekte: Referenzen von Hydrobag Energy Systems \u2013 Ihr SHK-Meisterbetrieb aus Weyhe bei Bremen f\u00fcr W\u00e4rmepumpen und nachhaltige Energiekonzepte.","og_url":"https:\/\/hydrobagenergy-systems.de\/?page_id=5217","og_site_name":"Hydrobag Energy Systems","article_publisher":"https:\/\/www.facebook.com\/profile.php?id=61557110230619","article_modified_time":"2025-07-23T07:42:31+00:00","og_image":[{"width":819,"height":1024,"url":"https:\/\/hydrobagenergy-systems.de\/wp-content\/uploads\/2025\/06\/Design-ohne-Titel-5-819x1024.png","type":"image\/png"}],"twitter_card":"summary_large_image","twitter_misc":{"Gesch\u00e4tzte Lesezeit":"2\u00a0Minuten"},"schema":{"@context":"https:\/\/schema.org","@graph":[{"@type":"WebPage","@id":"https:\/\/hydrobagenergy-systems.de\/?page_id=5217","url":"https:\/\/hydrobagenergy-systems.de\/?page_id=5217","name":"Referenzen - Hydrobag Energy Systems","isPartOf":{"@id":"https:\/\/hydrobagenergysy-36x4h5zd0n.live-website.com\/#website"},"primaryImageOfPage":{"@id":"https:\/\/hydrobagenergy-systems.de\/?page_id=5217#primaryimage"},"image":{"@id":"https:\/\/hydrobagenergy-systems.de\/?page_id=5217#primaryimage"},"thumbnailUrl":"https:\/\/hydrobagenergy-systems.de\/wp-content\/uploads\/2025\/06\/Design-ohne-Titel-5-819x1024.png","datePublished":"2022-07-18T15:11:48+00:00","dateModified":"2025-07-23T07:42:31+00:00","description":"Erhalten Sie einen Einblick in unsere Projekte: Referenzen von Hydrobag Energy Systems \u2013 Ihr SHK-Meisterbetrieb aus Weyhe bei Bremen f\u00fcr W\u00e4rmepumpen und nachhaltige Energiekonzepte.","breadcrumb":{"@id":"https:\/\/hydrobagenergy-systems.de\/?page_id=5217#breadcrumb"},"inLanguage":"de","potentialAction":[{"@type":"ReadAction","target":["https:\/\/hydrobagenergy-systems.de\/?page_id=5217"]}]},{"@type":"ImageObject","inLanguage":"de","@id":"https:\/\/hydrobagenergy-systems.de\/?page_id=5217#primaryimage","url":"https:\/\/hydrobagenergy-systems.de\/wp-content\/uploads\/2025\/06\/Design-ohne-Titel-5.png","contentUrl":"https:\/\/hydrobagenergy-systems.de\/wp-content\/uploads\/2025\/06\/Design-ohne-Titel-5.png","width":1080,"height":1350,"caption":"Panasonic WH-WDG09LE5 vor einem Fachwerkhaus"},{"@type":"BreadcrumbList","@id":"https:\/\/hydrobagenergy-systems.de\/?page_id=5217#breadcrumb","itemListElement":[{"@type":"ListItem","position":1,"name":"Home","item":"https:\/\/hydrobagenergy-systems.de\/"},{"@type":"ListItem","position":2,"name":"Referenzen"}]},{"@type":"WebSite","@id":"https:\/\/hydrobagenergysy-36x4h5zd0n.live-website.com\/#website","url":"https:\/\/hydrobagenergysy-36x4h5zd0n.live-website.com\/","name":"Hydrobag Energy Systems","description":"","publisher":{"@id":"https:\/\/hydrobagenergysy-36x4h5zd0n.live-website.com\/#organization"},"potentialAction":[{"@type":"SearchAction","target":{"@type":"EntryPoint","urlTemplate":"https:\/\/hydrobagenergysy-36x4h5zd0n.live-website.com\/?s={search_term_string}"},"query-input":{"@type":"PropertyValueSpecification","valueRequired":true,"valueName":"search_term_string"}}],"inLanguage":"de"},{"@type":"Organization","@id":"https:\/\/hydrobagenergysy-36x4h5zd0n.live-website.com\/#organization","name":"Hydrobag Energy Systems","url":"https:\/\/hydrobagenergysy-36x4h5zd0n.live-website.com\/","logo":{"@type":"ImageObject","inLanguage":"de","@id":"https:\/\/hydrobagenergysy-36x4h5zd0n.live-website.com\/#\/schema\/logo\/image\/","url":"https:\/\/hydrobagenergy-systems.de\/wp-content\/uploads\/2024\/04\/cropped-Logo-Hydro-Energy_Logo-Bag.png","contentUrl":"https:\/\/hydrobagenergy-systems.de\/wp-content\/uploads\/2024\/04\/cropped-Logo-Hydro-Energy_Logo-Bag.png","width":2671,"height":758,"caption":"Hydrobag Energy Systems"},"image":{"@id":"https:\/\/hydrobagenergysy-36x4h5zd0n.live-website.com\/#\/schema\/logo\/image\/"},"sameAs":["https:\/\/www.facebook.com\/profile.php?id=61557110230619","https:\/\/www.instagram.com\/hydrobagenergysystems"]}]}},"_links":{"self":[{"href":"https:\/\/hydrobagenergy-systems.de\/index.php?rest_route=\/wp\/v2\/pages\/5217","targetHints":{"allow":["GET"]}}],"collection":[{"href":"https:\/\/hydrobagenergy-systems.de\/index.php?rest_route=\/wp\/v2\/pages"}],"about":[{"href":"https:\/\/hydrobagenergy-systems.de\/index.php?rest_route=\/wp\/v2\/types\/page"}],"author":[{"embeddable":true,"href":"https:\/\/hydrobagenergy-systems.de\/index.php?rest_route=\/wp\/v2\/users\/1"}],"replies":[{"embeddable":true,"href":"https:\/\/hydrobagenergy-systems.de\/index.php?rest_route=%2Fwp%2Fv2%2Fcomments&post=5217"}],"version-history":[{"count":74,"href":"https:\/\/hydrobagenergy-systems.de\/index.php?rest_route=\/wp\/v2\/pages\/5217\/revisions"}],"predecessor-version":[{"id":7884,"href":"https:\/\/hydrobagenergy-systems.de\/index.php?rest_route=\/wp\/v2\/pages\/5217\/revisions\/7884"}],"wp:attachment":[{"href":"https:\/\/hydrobagenergy-systems.de\/index.php?rest_route=%2Fwp%2Fv2%2Fmedia&parent=5217"}],"curies":[{"name":"wp","href":"https:\/\/api.w.org\/{rel}","templated":true}]}}