{"id":53,"date":"2024-04-01T13:00:00","date_gmt":"2024-04-01T13:00:00","guid":{"rendered":"https:\/\/hydrobag.nl\/?page_id=53"},"modified":"2025-07-23T07:42:33","modified_gmt":"2025-07-23T07:42:33","slug":"leistungen","status":"publish","type":"page","link":"https:\/\/hydrobagenergy-systems.de\/?page_id=53","title":{"rendered":"Unsere Leistungen"},"content":{"rendered":"\t\t<div data-elementor-type=\"wp-page\" data-elementor-id=\"53\" class=\"elementor elementor-53\" data-elementor-post-type=\"page\">\n\t\t\t\t<div class=\"elementor-element elementor-element-891d0f7 e-flex e-con-boxed e-con e-parent\" data-id=\"891d0f7\" data-element_type=\"container\" data-e-type=\"container\" data-settings=\"{&quot;background_background&quot;:&quot;classic&quot;,&quot;background_motion_fx_translateY_speed&quot;:{&quot;unit&quot;:&quot;px&quot;,&quot;size&quot;:0,&quot;sizes&quot;:[]},&quot;background_motion_fx_motion_fx_scrolling&quot;:&quot;yes&quot;,&quot;background_motion_fx_translateY_effect&quot;:&quot;yes&quot;,&quot;background_motion_fx_translateY_affectedRange&quot;:{&quot;unit&quot;:&quot;%&quot;,&quot;size&quot;:&quot;&quot;,&quot;sizes&quot;:{&quot;start&quot;:0,&quot;end&quot;:100}},&quot;background_motion_fx_devices&quot;:[&quot;desktop&quot;,&quot;tablet&quot;,&quot;mobile&quot;]}\">\n\t\t\t\t\t<div class=\"e-con-inner\">\n\t\t\t\t<div class=\"elementor-element elementor-element-e981519 elementor-widget elementor-widget-heading\" data-id=\"e981519\" data-element_type=\"widget\" data-e-type=\"widget\" data-widget_type=\"heading.default\">\n\t\t\t\t<div class=\"elementor-widget-container\">\n\t\t\t\t\t<h2 class=\"elementor-heading-title elementor-size-default\"><b>Unsere Leistungen bringen Sie weiter: <\/b><\/h2>\t\t\t\t<\/div>\n\t\t\t\t<\/div>\n\t\t\t\t<div class=\"elementor-element elementor-element-ad0dfd9 elementor-widget elementor-widget-heading\" data-id=\"ad0dfd9\" data-element_type=\"widget\" data-e-type=\"widget\" data-widget_type=\"heading.default\">\n\t\t\t\t<div class=\"elementor-widget-container\">\n\t\t\t\t\t<h4 class=\"elementor-heading-title elementor-size-default\">modern, flexibel und effizient.<\/h4>\t\t\t\t<\/div>\n\t\t\t\t<\/div>\n\t\t\t\t\t<\/div>\n\t\t\t\t<\/div>\n\t\t<div class=\"elementor-element elementor-element-ec0f9e3 e-flex e-con-boxed e-con e-parent\" data-id=\"ec0f9e3\" data-element_type=\"container\" data-e-type=\"container\">\n\t\t\t\t\t<div class=\"e-con-inner\">\n\t\t<div class=\"elementor-element elementor-element-49dd62e e-con-full e-flex e-con e-child\" data-id=\"49dd62e\" data-element_type=\"container\" data-e-type=\"container\">\n\t\t<div class=\"elementor-element elementor-element-be27f23 e-grid e-con-full e-con e-child\" data-id=\"be27f23\" data-element_type=\"container\" data-e-type=\"container\">\n\t\t<div class=\"elementor-element elementor-element-6934f53 e-con-full e-flex e-con e-child\" data-id=\"6934f53\" data-element_type=\"container\" data-e-type=\"container\">\n\t\t<div class=\"elementor-element elementor-element-ef5c567 e-con-full e-flex e-con e-child\" data-id=\"ef5c567\" data-element_type=\"container\" data-e-type=\"container\">\n\t\t\t\t<div class=\"elementor-element elementor-element-f9d55ef elementor-widget elementor-widget-heading\" data-id=\"f9d55ef\" data-element_type=\"widget\" data-e-type=\"widget\" data-widget_type=\"heading.default\">\n\t\t\t\t<div class=\"elementor-widget-container\">\n\t\t\t\t\t<h2 class=\"elementor-heading-title elementor-size-default\"><b>W\u00e4rmepumpe finanzieren? <\/b><br><b>\nKein Problem <\/b><\/h2>\t\t\t\t<\/div>\n\t\t\t\t<\/div>\n\t\t\t\t<\/div>\n\t\t\t\t<div class=\"elementor-element elementor-element-8ba4113 elementor-widget elementor-widget-text-editor\" data-id=\"8ba4113\" data-element_type=\"widget\" data-e-type=\"widget\" data-widget_type=\"text-editor.default\">\n\t\t\t\t<div class=\"elementor-widget-container\">\n\t\t\t\t\t\t\t\t\t<p class=\"\" data-start=\"217\" data-end=\"590\">Energie neu denken, auch finanziell.<\/p><p class=\"\" data-start=\"217\" data-end=\"590\">Gemeinsam mit unserem Finanzierungspartner bieten wir Ihnen die M\u00f6glichkeit, Ihre neue W\u00e4rmepumpe ganz einfach zu finanzieren. Ohne hohe Einmalzahlung, daf\u00fcr mit voller Planungssicherheit. So machen wir den Umstieg auf nachhaltige Heiztechnik f\u00fcr Sie noch einfacher \u2013 und sofort m\u00f6glich.<\/p><p class=\"\" data-start=\"592\" data-end=\"653\">Feste Raten, Faire Konditionen und eine Schnelle Abwicklung<\/p><p class=\"\" data-start=\"655\" data-end=\"735\">Interesse? Sprechen Sie uns an!\u00a0<span style=\"font-size: 1rem;\">W<\/span><span style=\"font-size: 1rem;\">ir finden die passende L\u00f6sung!<\/span><\/p>\t\t\t\t\t\t\t\t<\/div>\n\t\t\t\t<\/div>\n\t\t\t\t<div class=\"elementor-element elementor-element-80f06ba elementor-widget elementor-widget-button\" data-id=\"80f06ba\" data-element_type=\"widget\" data-e-type=\"widget\" data-widget_type=\"button.default\">\n\t\t\t\t<div class=\"elementor-widget-container\">\n\t\t\t\t\t\t\t\t\t<div class=\"elementor-button-wrapper\">\n\t\t\t\t\t<a class=\"elementor-button elementor-button-link elementor-size-sm elementor-animation-grow\" href=\"https:\/\/hydrobagenergy-systems.de\/?page_id=1835\">\n\t\t\t\t\t\t<span class=\"elementor-button-content-wrapper\">\n\t\t\t\t\t\t<span class=\"elementor-button-icon\">\n\t\t\t\t<svg aria-hidden=\"true\" class=\"e-font-icon-svg e-far-arrow-alt-circle-right\" viewBox=\"0 0 512 512\" xmlns=\"http:\/\/www.w3.org\/2000\/svg\"><path d=\"M504 256C504 119 393 8 256 8S8 119 8 256s111 248 248 248 248-111 248-248zm-448 0c0-110.5 89.5-200 200-200s200 89.5 200 200-89.5 200-200 200S56 366.5 56 256zm72 20v-40c0-6.6 5.4-12 12-12h116v-67c0-10.7 12.9-16 20.5-8.5l99 99c4.7 4.7 4.7 12.3 0 17l-99 99c-7.6 7.6-20.5 2.2-20.5-8.5v-67H140c-6.6 0-12-5.4-12-12z\"><\/path><\/svg>\t\t\t<\/span>\n\t\t\t\t\t\t\t\t\t<span class=\"elementor-button-text\">Mehr erfahren<\/span>\n\t\t\t\t\t<\/span>\n\t\t\t\t\t<\/a>\n\t\t\t\t<\/div>\n\t\t\t\t\t\t\t\t<\/div>\n\t\t\t\t<\/div>\n\t\t\t\t<\/div>\n\t\t<div class=\"elementor-element elementor-element-303442d e-con-full e-flex e-con e-child\" data-id=\"303442d\" data-element_type=\"container\" data-e-type=\"container\" data-settings=\"{&quot;background_background&quot;:&quot;classic&quot;}\">\n\t\t\t\t<\/div>\n\t\t\t\t<\/div>\n\t\t\t\t<\/div>\n\t\t\t\t\t<\/div>\n\t\t\t\t<\/div>\n\t\t<div class=\"elementor-element elementor-element-fb663ea e-flex e-con-boxed e-con e-parent\" data-id=\"fb663ea\" data-element_type=\"container\" data-e-type=\"container\" data-settings=\"{&quot;background_background&quot;:&quot;classic&quot;}\">\n\t\t\t\t\t<div class=\"e-con-inner\">\n\t\t<div class=\"elementor-element elementor-element-4fbd3ad e-con-full e-flex e-con e-child\" data-id=\"4fbd3ad\" data-element_type=\"container\" data-e-type=\"container\" data-settings=\"{&quot;background_background&quot;:&quot;classic&quot;}\">\n\t\t\t\t<div class=\"elementor-element elementor-element-668bc32 elementor-widget elementor-widget-heading\" data-id=\"668bc32\" data-element_type=\"widget\" data-e-type=\"widget\" data-widget_type=\"heading.default\">\n\t\t\t\t<div class=\"elementor-widget-container\">\n\t\t\t\t\t<h2 class=\"elementor-heading-title elementor-size-default\"><b>Unsere W\u00e4rmepumpe zahlt sich f\u00fcr dich aus<\/b><\/h2>\t\t\t\t<\/div>\n\t\t\t\t<\/div>\n\t\t\t\t<div class=\"elementor-element elementor-element-7e69318 elementor-widget elementor-widget-text-editor\" data-id=\"7e69318\" data-element_type=\"widget\" data-e-type=\"widget\" data-widget_type=\"text-editor.default\">\n\t\t\t\t<div class=\"elementor-widget-container\">\n\t\t\t\t\t\t\t\t\t<p>Hier erfahren Sie mehr \u00fcber unsere ma\u00dfgeschneiderten Leistungen<\/p>\t\t\t\t\t\t\t\t<\/div>\n\t\t\t\t<\/div>\n\t\t\t\t<\/div>\n\t\t<div class=\"elementor-element elementor-element-4e48cb7 e-grid e-con-full e-con e-child\" data-id=\"4e48cb7\" data-element_type=\"container\" data-e-type=\"container\">\n\t\t\t\t<div class=\"elementor-element elementor-element-da1aafe elementor-widget elementor-widget-text-editor\" data-id=\"da1aafe\" data-element_type=\"widget\" data-e-type=\"widget\" data-widget_type=\"text-editor.default\">\n\t\t\t\t<div class=\"elementor-widget-container\">\n\t\t\t\t\t\t\t\t\t<p><b>Installation &amp; Wartung<\/b><\/p><p>Fachgerechte Installation und zuverl\u00e4ssige Wartung Ihrer W\u00e4rmepumpen.<\/p>\t\t\t\t\t\t\t\t<\/div>\n\t\t\t\t<\/div>\n\t\t\t\t<div class=\"elementor-element elementor-element-2596b68 elementor-widget elementor-widget-text-editor\" data-id=\"2596b68\" data-element_type=\"widget\" data-e-type=\"widget\" data-widget_type=\"text-editor.default\">\n\t\t\t\t<div class=\"elementor-widget-container\">\n\t\t\t\t\t\t\t\t\t<p><strong>Individuelle Beratung<\/strong><\/p><p>Pers\u00f6nliche Beratung f\u00fcr eine nachhaltige und kostensparende L\u00f6sung.<\/p>\t\t\t\t\t\t\t\t<\/div>\n\t\t\t\t<\/div>\n\t\t\t\t<div class=\"elementor-element elementor-element-247b0f7 elementor-widget elementor-widget-text-editor\" data-id=\"247b0f7\" data-element_type=\"widget\" data-e-type=\"widget\" data-widget_type=\"text-editor.default\">\n\t\t\t\t<div class=\"elementor-widget-container\">\n\t\t\t\t\t\t\t\t\t<p><strong>Effizienzsteigerung<\/strong><\/p><p>Optimierung Ihrer W\u00e4rmepumpen f\u00fcr maximale Energieeinsparung.<\/p>\t\t\t\t\t\t\t\t<\/div>\n\t\t\t\t<\/div>\n\t\t\t\t<div class=\"elementor-element elementor-element-8fc9848 elementor-widget elementor-widget-text-editor\" data-id=\"8fc9848\" data-element_type=\"widget\" data-e-type=\"widget\" data-widget_type=\"text-editor.default\">\n\t\t\t\t<div class=\"elementor-widget-container\">\n\t\t\t\t\t\t\t\t\t<p><strong>Kundensupport<\/strong><\/p><p>Rundum-Support f\u00fcr Ihre Fragen und Anliegen \u2013 jederzeit erreichbar.<\/p>\t\t\t\t\t\t\t\t<\/div>\n\t\t\t\t<\/div>\n\t\t\t\t<div class=\"elementor-element elementor-element-11b8ace elementor-widget elementor-widget-text-editor\" data-id=\"11b8ace\" data-element_type=\"widget\" data-e-type=\"widget\" data-widget_type=\"text-editor.default\">\n\t\t\t\t<div class=\"elementor-widget-container\">\n\t\t\t\t\t\t\t\t\t<p><strong>Planung &amp; Umsetzung<\/strong><\/p><p>Von der Planung bis zur Umsetzung \u2013 alles aus einer Hand.<\/p>\t\t\t\t\t\t\t\t<\/div>\n\t\t\t\t<\/div>\n\t\t<div class=\"elementor-element elementor-element-7f980f6 e-con-full e-flex e-con e-child\" data-id=\"7f980f6\" data-element_type=\"container\" data-e-type=\"container\" data-settings=\"{&quot;background_background&quot;:&quot;gradient&quot;}\">\n\t\t\t\t<div class=\"elementor-element elementor-element-45db91c elementor-widget elementor-widget-heading\" data-id=\"45db91c\" data-element_type=\"widget\" data-e-type=\"widget\" data-widget_type=\"heading.default\">\n\t\t\t\t<div class=\"elementor-widget-container\">\n\t\t\t\t\t<h2 class=\"elementor-heading-title elementor-size-default\"><b>Energiekosten sparen?<\/b><\/h2>\t\t\t\t<\/div>\n\t\t\t\t<\/div>\n\t\t\t\t<div class=\"elementor-element elementor-element-ea4cdda elementor-align-left elementor-widget elementor-widget-button\" data-id=\"ea4cdda\" data-element_type=\"widget\" data-e-type=\"widget\" data-widget_type=\"button.default\">\n\t\t\t\t<div class=\"elementor-widget-container\">\n\t\t\t\t\t\t\t\t\t<div class=\"elementor-button-wrapper\">\n\t\t\t\t\t<a class=\"elementor-button elementor-button-link elementor-size-sm elementor-animation-grow\" href=\"https:\/\/hydrobagenergy-systems.de\/?page_id=5216\">\n\t\t\t\t\t\t<span class=\"elementor-button-content-wrapper\">\n\t\t\t\t\t\t\t\t\t<span class=\"elementor-button-text\">Beratung anfragen!<\/span>\n\t\t\t\t\t<\/span>\n\t\t\t\t\t<\/a>\n\t\t\t\t<\/div>\n\t\t\t\t\t\t\t\t<\/div>\n\t\t\t\t<\/div>\n\t\t\t\t<\/div>\n\t\t\t\t<\/div>\n\t\t\t\t\t<\/div>\n\t\t\t\t<\/div>\n\t\t\t\t<\/div>\n\t\t","protected":false},"excerpt":{"rendered":"<p>Unsere Leistungen bringen Sie weiter: modern, flexibel und effizient. W\u00e4rmepumpe finanzieren? Kein Problem Energie neu denken, auch finanziell. Gemeinsam mit unserem Finanzierungspartner bieten wir Ihnen die M\u00f6glichkeit, Ihre neue W\u00e4rmepumpe ganz einfach zu finanzieren. Ohne hohe Einmalzahlung, daf\u00fcr mit voller Planungssicherheit. So machen wir den Umstieg auf nachhaltige Heiztechnik f\u00fcr Sie noch einfacher \u2013 und [&hellip;]<\/p>\n","protected":false},"author":1,"featured_media":5378,"parent":0,"menu_order":0,"comment_status":"closed","ping_status":"closed","template":"","meta":{"footnotes":""},"class_list":["post-53","page","type-page","status-publish","has-post-thumbnail","hentry"],"yoast_head":"<!-- This site is optimized with the Yoast SEO plugin v27.4 - https:\/\/yoast.com\/product\/yoast-seo-wordpress\/ -->\n<title>Unsere Leistungen - Hydrobag Energy Systems<\/title>\n<meta name=\"description\" content=\"Entdecken Sie die Leistungen von Hydrobag Energy Systems \u2013 Ihrem SHK-Meisterbetrieb aus Weyhe. Spezialisiert auf W\u00e4rmepumpen und nachhaltige Energiel\u00f6sungen.\" \/>\n<meta name=\"robots\" content=\"index, follow, max-snippet:-1, max-image-preview:large, max-video-preview:-1\" \/>\n<link rel=\"canonical\" href=\"https:\/\/hydrobagenergy-systems.de\/?page_id=53\" \/>\n<meta property=\"og:locale\" content=\"de_DE\" \/>\n<meta property=\"og:type\" content=\"article\" \/>\n<meta property=\"og:title\" content=\"Unsere Leistungen - Hydrobag Energy Systems\" \/>\n<meta property=\"og:description\" content=\"Entdecken Sie die Leistungen von Hydrobag Energy Systems \u2013 Ihrem SHK-Meisterbetrieb aus Weyhe. Spezialisiert auf W\u00e4rmepumpen und nachhaltige Energiel\u00f6sungen.\" \/>\n<meta property=\"og:url\" content=\"https:\/\/hydrobagenergy-systems.de\/?page_id=53\" \/>\n<meta property=\"og:site_name\" content=\"Hydrobag Energy Systems\" \/>\n<meta property=\"article:publisher\" content=\"https:\/\/www.facebook.com\/profile.php?id=61557110230619\" \/>\n<meta property=\"article:modified_time\" content=\"2025-07-23T07:42:33+00:00\" \/>\n<meta property=\"og:image\" content=\"https:\/\/hydrobagenergy-systems.de\/wp-content\/uploads\/2024\/04\/cropped-Logo-Hydro-Energy_Bildmarke-1-1.png\" \/>\n\t<meta property=\"og:image:width\" content=\"512\" \/>\n\t<meta property=\"og:image:height\" content=\"512\" \/>\n\t<meta property=\"og:image:type\" content=\"image\/png\" \/>\n<meta name=\"twitter:card\" content=\"summary_large_image\" \/>\n<meta name=\"twitter:label1\" content=\"Gesch\u00e4tzte Lesezeit\" \/>\n\t<meta name=\"twitter:data1\" content=\"1\u00a0Minute\" \/>\n<script type=\"application\/ld+json\" class=\"yoast-schema-graph\">{\"@context\":\"https:\\\/\\\/schema.org\",\"@graph\":[{\"@type\":\"WebPage\",\"@id\":\"https:\\\/\\\/hydrobagenergy-systems.de\\\/?page_id=53\",\"url\":\"https:\\\/\\\/hydrobagenergy-systems.de\\\/?page_id=53\",\"name\":\"Unsere Leistungen - Hydrobag Energy Systems\",\"isPartOf\":{\"@id\":\"https:\\\/\\\/hydrobagenergysy-36x4h5zd0n.live-website.com\\\/#website\"},\"primaryImageOfPage\":{\"@id\":\"https:\\\/\\\/hydrobagenergy-systems.de\\\/?page_id=53#primaryimage\"},\"image\":{\"@id\":\"https:\\\/\\\/hydrobagenergy-systems.de\\\/?page_id=53#primaryimage\"},\"thumbnailUrl\":\"https:\\\/\\\/hydrobagenergy-systems.de\\\/wp-content\\\/uploads\\\/2024\\\/04\\\/cropped-Logo-Hydro-Energy_Bildmarke-1-1.png\",\"datePublished\":\"2024-04-01T13:00:00+00:00\",\"dateModified\":\"2025-07-23T07:42:33+00:00\",\"description\":\"Entdecken Sie die Leistungen von Hydrobag Energy Systems \u2013 Ihrem SHK-Meisterbetrieb aus Weyhe. Spezialisiert auf W\u00e4rmepumpen und nachhaltige Energiel\u00f6sungen.\",\"breadcrumb\":{\"@id\":\"https:\\\/\\\/hydrobagenergy-systems.de\\\/?page_id=53#breadcrumb\"},\"inLanguage\":\"de\",\"potentialAction\":[{\"@type\":\"ReadAction\",\"target\":[\"https:\\\/\\\/hydrobagenergy-systems.de\\\/?page_id=53\"]}]},{\"@type\":\"ImageObject\",\"inLanguage\":\"de\",\"@id\":\"https:\\\/\\\/hydrobagenergy-systems.de\\\/?page_id=53#primaryimage\",\"url\":\"https:\\\/\\\/hydrobagenergy-systems.de\\\/wp-content\\\/uploads\\\/2024\\\/04\\\/cropped-Logo-Hydro-Energy_Bildmarke-1-1.png\",\"contentUrl\":\"https:\\\/\\\/hydrobagenergy-systems.de\\\/wp-content\\\/uploads\\\/2024\\\/04\\\/cropped-Logo-Hydro-Energy_Bildmarke-1-1.png\",\"width\":512,\"height\":512,\"caption\":\"Bildmarke des Logos der Firma HydrobagEnergySystems aus Bremen\"},{\"@type\":\"BreadcrumbList\",\"@id\":\"https:\\\/\\\/hydrobagenergy-systems.de\\\/?page_id=53#breadcrumb\",\"itemListElement\":[{\"@type\":\"ListItem\",\"position\":1,\"name\":\"Home\",\"item\":\"https:\\\/\\\/hydrobagenergy-systems.de\\\/\"},{\"@type\":\"ListItem\",\"position\":2,\"name\":\"Unsere Leistungen\"}]},{\"@type\":\"WebSite\",\"@id\":\"https:\\\/\\\/hydrobagenergysy-36x4h5zd0n.live-website.com\\\/#website\",\"url\":\"https:\\\/\\\/hydrobagenergysy-36x4h5zd0n.live-website.com\\\/\",\"name\":\"Hydrobag Energy Systems\",\"description\":\"\",\"publisher\":{\"@id\":\"https:\\\/\\\/hydrobagenergysy-36x4h5zd0n.live-website.com\\\/#organization\"},\"potentialAction\":[{\"@type\":\"SearchAction\",\"target\":{\"@type\":\"EntryPoint\",\"urlTemplate\":\"https:\\\/\\\/hydrobagenergysy-36x4h5zd0n.live-website.com\\\/?s={search_term_string}\"},\"query-input\":{\"@type\":\"PropertyValueSpecification\",\"valueRequired\":true,\"valueName\":\"search_term_string\"}}],\"inLanguage\":\"de\"},{\"@type\":\"Organization\",\"@id\":\"https:\\\/\\\/hydrobagenergysy-36x4h5zd0n.live-website.com\\\/#organization\",\"name\":\"Hydrobag Energy Systems\",\"url\":\"https:\\\/\\\/hydrobagenergysy-36x4h5zd0n.live-website.com\\\/\",\"logo\":{\"@type\":\"ImageObject\",\"inLanguage\":\"de\",\"@id\":\"https:\\\/\\\/hydrobagenergysy-36x4h5zd0n.live-website.com\\\/#\\\/schema\\\/logo\\\/image\\\/\",\"url\":\"https:\\\/\\\/hydrobagenergy-systems.de\\\/wp-content\\\/uploads\\\/2024\\\/04\\\/cropped-Logo-Hydro-Energy_Logo-Bag.png\",\"contentUrl\":\"https:\\\/\\\/hydrobagenergy-systems.de\\\/wp-content\\\/uploads\\\/2024\\\/04\\\/cropped-Logo-Hydro-Energy_Logo-Bag.png\",\"width\":2671,\"height\":758,\"caption\":\"Hydrobag Energy Systems\"},\"image\":{\"@id\":\"https:\\\/\\\/hydrobagenergysy-36x4h5zd0n.live-website.com\\\/#\\\/schema\\\/logo\\\/image\\\/\"},\"sameAs\":[\"https:\\\/\\\/www.facebook.com\\\/profile.php?id=61557110230619\",\"https:\\\/\\\/www.instagram.com\\\/hydrobagenergysystems\"]}]}<\/script>\n<!-- \/ Yoast SEO plugin. -->","yoast_head_json":{"title":"Unsere Leistungen - Hydrobag Energy Systems","description":"Entdecken Sie die Leistungen von Hydrobag Energy Systems \u2013 Ihrem SHK-Meisterbetrieb aus Weyhe. Spezialisiert auf W\u00e4rmepumpen und nachhaltige Energiel\u00f6sungen.","robots":{"index":"index","follow":"follow","max-snippet":"max-snippet:-1","max-image-preview":"max-image-preview:large","max-video-preview":"max-video-preview:-1"},"canonical":"https:\/\/hydrobagenergy-systems.de\/?page_id=53","og_locale":"de_DE","og_type":"article","og_title":"Unsere Leistungen - Hydrobag Energy Systems","og_description":"Entdecken Sie die Leistungen von Hydrobag Energy Systems \u2013 Ihrem SHK-Meisterbetrieb aus Weyhe. Spezialisiert auf W\u00e4rmepumpen und nachhaltige Energiel\u00f6sungen.","og_url":"https:\/\/hydrobagenergy-systems.de\/?page_id=53","og_site_name":"Hydrobag Energy Systems","article_publisher":"https:\/\/www.facebook.com\/profile.php?id=61557110230619","article_modified_time":"2025-07-23T07:42:33+00:00","og_image":[{"width":512,"height":512,"url":"https:\/\/hydrobagenergy-systems.de\/wp-content\/uploads\/2024\/04\/cropped-Logo-Hydro-Energy_Bildmarke-1-1.png","type":"image\/png"}],"twitter_card":"summary_large_image","twitter_misc":{"Gesch\u00e4tzte Lesezeit":"1\u00a0Minute"},"schema":{"@context":"https:\/\/schema.org","@graph":[{"@type":"WebPage","@id":"https:\/\/hydrobagenergy-systems.de\/?page_id=53","url":"https:\/\/hydrobagenergy-systems.de\/?page_id=53","name":"Unsere Leistungen - Hydrobag Energy Systems","isPartOf":{"@id":"https:\/\/hydrobagenergysy-36x4h5zd0n.live-website.com\/#website"},"primaryImageOfPage":{"@id":"https:\/\/hydrobagenergy-systems.de\/?page_id=53#primaryimage"},"image":{"@id":"https:\/\/hydrobagenergy-systems.de\/?page_id=53#primaryimage"},"thumbnailUrl":"https:\/\/hydrobagenergy-systems.de\/wp-content\/uploads\/2024\/04\/cropped-Logo-Hydro-Energy_Bildmarke-1-1.png","datePublished":"2024-04-01T13:00:00+00:00","dateModified":"2025-07-23T07:42:33+00:00","description":"Entdecken Sie die Leistungen von Hydrobag Energy Systems \u2013 Ihrem SHK-Meisterbetrieb aus Weyhe. Spezialisiert auf W\u00e4rmepumpen und nachhaltige Energiel\u00f6sungen.","breadcrumb":{"@id":"https:\/\/hydrobagenergy-systems.de\/?page_id=53#breadcrumb"},"inLanguage":"de","potentialAction":[{"@type":"ReadAction","target":["https:\/\/hydrobagenergy-systems.de\/?page_id=53"]}]},{"@type":"ImageObject","inLanguage":"de","@id":"https:\/\/hydrobagenergy-systems.de\/?page_id=53#primaryimage","url":"https:\/\/hydrobagenergy-systems.de\/wp-content\/uploads\/2024\/04\/cropped-Logo-Hydro-Energy_Bildmarke-1-1.png","contentUrl":"https:\/\/hydrobagenergy-systems.de\/wp-content\/uploads\/2024\/04\/cropped-Logo-Hydro-Energy_Bildmarke-1-1.png","width":512,"height":512,"caption":"Bildmarke des Logos der Firma HydrobagEnergySystems aus Bremen"},{"@type":"BreadcrumbList","@id":"https:\/\/hydrobagenergy-systems.de\/?page_id=53#breadcrumb","itemListElement":[{"@type":"ListItem","position":1,"name":"Home","item":"https:\/\/hydrobagenergy-systems.de\/"},{"@type":"ListItem","position":2,"name":"Unsere Leistungen"}]},{"@type":"WebSite","@id":"https:\/\/hydrobagenergysy-36x4h5zd0n.live-website.com\/#website","url":"https:\/\/hydrobagenergysy-36x4h5zd0n.live-website.com\/","name":"Hydrobag Energy Systems","description":"","publisher":{"@id":"https:\/\/hydrobagenergysy-36x4h5zd0n.live-website.com\/#organization"},"potentialAction":[{"@type":"SearchAction","target":{"@type":"EntryPoint","urlTemplate":"https:\/\/hydrobagenergysy-36x4h5zd0n.live-website.com\/?s={search_term_string}"},"query-input":{"@type":"PropertyValueSpecification","valueRequired":true,"valueName":"search_term_string"}}],"inLanguage":"de"},{"@type":"Organization","@id":"https:\/\/hydrobagenergysy-36x4h5zd0n.live-website.com\/#organization","name":"Hydrobag Energy Systems","url":"https:\/\/hydrobagenergysy-36x4h5zd0n.live-website.com\/","logo":{"@type":"ImageObject","inLanguage":"de","@id":"https:\/\/hydrobagenergysy-36x4h5zd0n.live-website.com\/#\/schema\/logo\/image\/","url":"https:\/\/hydrobagenergy-systems.de\/wp-content\/uploads\/2024\/04\/cropped-Logo-Hydro-Energy_Logo-Bag.png","contentUrl":"https:\/\/hydrobagenergy-systems.de\/wp-content\/uploads\/2024\/04\/cropped-Logo-Hydro-Energy_Logo-Bag.png","width":2671,"height":758,"caption":"Hydrobag Energy Systems"},"image":{"@id":"https:\/\/hydrobagenergysy-36x4h5zd0n.live-website.com\/#\/schema\/logo\/image\/"},"sameAs":["https:\/\/www.facebook.com\/profile.php?id=61557110230619","https:\/\/www.instagram.com\/hydrobagenergysystems"]}]}},"_links":{"self":[{"href":"https:\/\/hydrobagenergy-systems.de\/index.php?rest_route=\/wp\/v2\/pages\/53","targetHints":{"allow":["GET"]}}],"collection":[{"href":"https:\/\/hydrobagenergy-systems.de\/index.php?rest_route=\/wp\/v2\/pages"}],"about":[{"href":"https:\/\/hydrobagenergy-systems.de\/index.php?rest_route=\/wp\/v2\/types\/page"}],"author":[{"embeddable":true,"href":"https:\/\/hydrobagenergy-systems.de\/index.php?rest_route=\/wp\/v2\/users\/1"}],"replies":[{"embeddable":true,"href":"https:\/\/hydrobagenergy-systems.de\/index.php?rest_route=%2Fwp%2Fv2%2Fcomments&post=53"}],"version-history":[{"count":125,"href":"https:\/\/hydrobagenergy-systems.de\/index.php?rest_route=\/wp\/v2\/pages\/53\/revisions"}],"predecessor-version":[{"id":7866,"href":"https:\/\/hydrobagenergy-systems.de\/index.php?rest_route=\/wp\/v2\/pages\/53\/revisions\/7866"}],"wp:featuredmedia":[{"embeddable":true,"href":"https:\/\/hydrobagenergy-systems.de\/index.php?rest_route=\/wp\/v2\/media\/5378"}],"wp:attachment":[{"href":"https:\/\/hydrobagenergy-systems.de\/index.php?rest_route=%2Fwp%2Fv2%2Fmedia&parent=53"}],"curies":[{"name":"wp","href":"https:\/\/api.w.org\/{rel}","templated":true}]}}